{"id":2,"date":"2009-11-17T10:32:54","date_gmt":"2009-11-17T18:32:54","guid":{"rendered":"http:\/\/vinisfera.com\/r\/?page_id=2"},"modified":"2016-05-18T13:38:33","modified_gmt":"2016-05-18T19:38:33","slug":"acercadevinisfera","status":"publish","type":"page","link":"https:\/\/vinisfera.com\/r\/acercadevinisfera","title":{"rendered":"\u00bfVin\u00edsfera?"},"content":{"rendered":"<p><strong>Vin\u00edsfera<\/strong> es un proyecto que comienza en enero de 2008 con la inquietud de dos amigos por mejorar la informaci\u00f3n que hay disponible al rededor del mundo del vino. El nombre \u2013seg\u00fan nosotros\u2013 responde un poco a ello: <em>vinis<\/em> tiene que ver obviamente con el vino, y <em>sfera<\/em> con el mundo.<\/p>\n<p>Nos propusimos con este proyecto desenfadar la a veces tiesa estructura de este mundo, y de acercarlo m\u00e1s al consumidor joven. Nos propusimos romper con las cl\u00e1sicas costumbres arraigadas en la sociedad que ponen al vino como una bebida de unos cu\u00e1ntos. Cre\u00edamos en ese entonces que si logr\u00e1bamos acercar a los productores, comerciantes, comunicadores y consumidores en un territorio com\u00fan \u2013Vin\u00edsfera\u2013 entonces la interacci\u00f3n iba a ser mucho m\u00e1s pr\u00f3spera y confiable, de manera que a los j\u00f3venes como nosotros, que estamos aprendiendo, no nos diera pena entrar a este mundo.<\/p>\n<p><a href=\"https:\/\/i0.wp.com\/vinisfera.com\/r\/wp-content\/uploads\/2009\/11\/portada-v1.jpg\"><img data-recalc-dims=\"1\" loading=\"lazy\" decoding=\"async\" class=\"alignright size-full wp-image-1745\" title=\"Portada Vinisfera Numero 1\" src=\"https:\/\/i0.wp.com\/vinisfera.com\/r\/wp-content\/uploads\/2009\/11\/portada-v1.jpg?resize=250%2C329\" alt=\"\" width=\"250\" height=\"329\" srcset=\"https:\/\/i0.wp.com\/vinisfera.com\/r\/wp-content\/uploads\/2009\/11\/portada-v1.jpg?w=250&amp;ssl=1 250w, https:\/\/i0.wp.com\/vinisfera.com\/r\/wp-content\/uploads\/2009\/11\/portada-v1.jpg?resize=227%2C300&amp;ssl=1 227w\" sizes=\"auto, (max-width: 250px) 100vw, 250px\" \/><\/a>Con este fin, nuestro proyecto inicial fue la <strong>Revista Vin\u00edsfera<\/strong>, cuyo primer n\u00famero se public\u00f3 en marzo de 2008 y en el que a manera de una primer panor\u00e1mica del vino mexicano, escribimos sobre Aguascalientes y Zacatecas. Transcurridos casi dos a\u00f1os en los que nuestro enfoque se centr\u00f3 en dar informaci\u00f3n \u00fatil, relevante y actual en forma antisolemnte (aunque no chacotera), decidimos dejar de imprimir la revista. La desici\u00f3n fue motivada por uno de nuestros objetivos iniciales: llegarle a m\u00e1s gente con informaci\u00f3n de calidad, un objetivo nada f\u00e1cil de cumplir con una revista impresa debido a los costos econ\u00f3micos y ambientales que implica, lo que a su vez limita tajantemente el alcance de la misma.<\/p>\n<p>As\u00ed, con la clara convicci\u00f3n de hacer un proyecto todav\u00eda m\u00e1s plural, incluyente y participativo, decidimos comenzar 2010 con <em><strong>Vin\u00edsfera.com<\/strong><\/em>. Nuestro portal, y nuevo proyecto rector, es un centro de informaci\u00f3n, enfocado en todas las personas que quieren sab\u00e9r m\u00e1s del vino, sin distingos de sexo, nivel socioecon\u00f3mico o ubicaci\u00f3n geogr\u00e1fica. Aqu\u00ed, a trav\u00e9s de informaci\u00f3n escrita, en audio y en video, pretendemos hacerle llegar un simple y sencillo mensaje a quien lo quiera recibir: <strong>El vino es para compartir.<\/strong><\/p>\n<p>Entonces, si eres nuevo o viejo en esto del vino, no importa; te invitamos a navegar nuestras secciones, a compartir y comentar estos art\u00edculos por tu medio de interacci\u00f3n preferido y a hacer de <em><strong>Vin\u00edsfera.com<\/strong><\/em> tu referencia en estos temas, si necesitas informaci\u00f3n sobre algo en espec\u00edfico <a href=\"http:\/\/vinisfera.com\/r\/contacto\/\">escr\u00edbenos<\/a> y lo solucionaremos, o encontramos a alguien que lo sepa.<\/p>\n<p>Habiendo consolidado el proyecto informativo en l\u00ednea, muchos lectores nos plantearon:\u00a0<em>Muy bien, y ahora \u00bfd\u00f3nde compro el vino del que est\u00e1n escribiendo?<\/em> Por ello, nos dimos a la tarea de realizar una ambiciosa tienda en l\u00ednea, donde el usuario pueda encontrar el vino, o el tipo de vino que est\u00e1 buscando. <a href=\"http:\/\/vinisfera.com\/tienda\"><strong><em>La Tienda Vin\u00edsfera<\/em><\/strong><\/a>, como los esfuerzos generales del grupo, apoya expresamente al vino mexicano, aunque abre sus puertas a vinos del viejo y nuevo mundo por igual.<\/p>\n<p>Revisa nuestras ediciones impresas o desc\u00e1rgalas <a href=\"http:\/\/issuu.com\/vinisfera\/docs\/\" target=\"_blank\">aqu\u00ed.<\/a><\/p>\n<p>&nbsp;<\/p>\n","protected":false},"excerpt":{"rendered":"<p>Vin\u00edsfera es un proyecto que comienza en enero de 2008 con la inquietud de dos amigos por mejorar la informaci\u00f3n que hay disponible al rededor del mundo del vino. El nombre \u2013seg\u00fan nosotros\u2013 responde un poco a ello: vinis tiene que ver obviamente con el vino, y sfera con el mundo. Nos propusimos con este [&hellip;]<\/p>\n","protected":false},"author":3,"featured_media":0,"parent":0,"menu_order":1,"comment_status":"open","ping_status":"closed","template":"","meta":{"om_disable_all_campaigns":false,"_monsterinsights_skip_tracking":false,"_monsterinsights_sitenote_active":false,"_monsterinsights_sitenote_note":"","_monsterinsights_sitenote_category":0,"_uf_show_specific_survey":0,"_uf_disable_surveys":false,"jetpack_post_was_ever_published":false,"footnotes":""},"class_list":["post-2","page","type-page","status-publish","hentry"],"aioseo_notices":[],"jetpack_shortlink":"https:\/\/wp.me\/POj6X-2","jetpack_sharing_enabled":true,"_links":{"self":[{"href":"https:\/\/vinisfera.com\/r\/wp-json\/wp\/v2\/pages\/2","targetHints":{"allow":["GET"]}}],"collection":[{"href":"https:\/\/vinisfera.com\/r\/wp-json\/wp\/v2\/pages"}],"about":[{"href":"https:\/\/vinisfera.com\/r\/wp-json\/wp\/v2\/types\/page"}],"author":[{"embeddable":true,"href":"https:\/\/vinisfera.com\/r\/wp-json\/wp\/v2\/users\/3"}],"replies":[{"embeddable":true,"href":"https:\/\/vinisfera.com\/r\/wp-json\/wp\/v2\/comments?post=2"}],"version-history":[{"count":2,"href":"https:\/\/vinisfera.com\/r\/wp-json\/wp\/v2\/pages\/2\/revisions"}],"predecessor-version":[{"id":8660,"href":"https:\/\/vinisfera.com\/r\/wp-json\/wp\/v2\/pages\/2\/revisions\/8660"}],"wp:attachment":[{"href":"https:\/\/vinisfera.com\/r\/wp-json\/wp\/v2\/media?parent=2"}],"curies":[{"name":"wp","href":"https:\/\/api.w.org\/{rel}","templated":true}]}}