{"id":2600,"date":"2010-03-12T22:19:05","date_gmt":"2010-03-13T04:19:05","guid":{"rendered":"http:\/\/vinisfera.com\/r\/?page_id=2600"},"modified":"2013-10-17T12:42:31","modified_gmt":"2013-10-17T18:42:31","slug":"directorio","status":"publish","type":"page","link":"https:\/\/vinisfera.com\/r\/directorio","title":{"rendered":"Directorio"},"content":{"rendered":"<p><strong>Carlos Valenzuela<\/strong> &#8211; Director general<br \/>\n<a href=\"mailto:carlos@vinisfera.com\">carlos@vinisfera.com<\/a><\/p>\n<p><strong>Astrid Hern\u00e1nez<\/strong> &#8211; Administraci\u00f3n<br \/>\n<a href=\"mailto:astrid@vinisfera.com\">astrid@vinisfera.com<\/a><\/p>\n<p><strong>Colaboradores<\/strong>:<\/p>\n<ul>\n<li><a href=\"#\">Gerardo Lammers<\/a><\/li>\n<li><a href=\"http:\/\/vinisfera.com\/r\/archivo\/6521\">Cecilia Garc\u00eda<\/a><\/li>\n<li><a href=\"http:\/\/vinisfera.com\/r\/archivo\/1784\">Guillermo Ysusi<\/a><\/li>\n<li><a href=\"http:\/\/vinisfera.com\/r\/archivo\/4183\">Antonio Pires de Carvalho<\/a><\/li>\n<li><a href=\"http:\/\/vinisfera.com\/r\/archivo\/89\">Adri\u00e1n Garc\u00eda<\/a><\/li>\n<li><a href=\"https:\/\/www.facebook.com\/erickfalconMX\">Erick Falc\u00f3n<\/a><\/li>\n<li><a href=\"mailto:Beatrizbastarrica@yahoo.es\">Beatriz Bastarrica<\/a><\/li>\n<li><a href=\"mailto:bermudez@megared.net.mx\">Carlos Berm\u00fadez<\/a><\/li>\n<li><a href=\"mailto:jehnchan@hotmail.com\">Jennifer Chan<\/a><\/li>\n<li><a href=\"mailto:felipe@vinisfera.com\">Felipe Coronado V\u00e1zquez<\/a><\/li>\n<li>Adam Critchley<\/li>\n<li><a href=\"mailto:j.delvalle@seleccionsommelier.com\">Jos\u00e9 Del Valle Rivas<\/a><\/li>\n<li><a href=\"mailto:kdemerutis@yahoo.com\">Kaliope Demerutis<\/a><\/li>\n<li><a href=\"mailto:eliaspastor.luisvicente@gmail.com\">Luis Vicente El\u00edas Pastor<\/a><\/li>\n<li><a href=\"mailto:lorogg@tintoyblanco.com.mx\">Lorenzo Garc\u00eda Guerra<\/a><\/li>\n<li><a href=\"mailto:bernago@iteso.mx\">Bernardo Gonz\u00e1lez Huezo<\/a><\/li>\n<li><a href=\"mailto:ana_guerrerosantos_5@hotmail.com\">Ana Guerrero<\/a><\/li>\n<li><a href=\"mailto:rafaibarra72@gmail.com\">Rafa Ibarra Mojica<\/a><\/li>\n<li><a href=\"mailto:alaveaga@gmail.com\">Antonio Laveaga<\/a><\/li>\n<li><a href=\"mailto:omaldonado@ungram.com\">Olivert Maldonado<\/a><\/li>\n<li>Luiz Henrique Marcondes<\/li>\n<li>Mariajo Mart\u00ednez<\/li>\n<li><a href=\"mailto:espe@yahoo.com\">Esperanza Mendiola<\/a><\/li>\n<li>Mar\u00eda Eugenia Monroy<\/li>\n<li><a href=\"mailto:camillapanhard@gmail.com\">Camilla Panhard<\/a><\/li>\n<li><a href=\"mailto:aldop38@gmail.com\">Aldo Prieto<\/a><\/li>\n<li><a href=\"mailto:a.zarate@mac.com\">Alejandro Z\u00e1rate<\/a><\/li>\n<li>\u00c1lvaro Gamboa<\/li>\n<\/ul>\n<p><strong>Fotograf\u00eda:<\/strong> Carlos Valenzuela, <a href=\"mailto:almejafoto@gmail.com\">Rodrigo V\u00e1zquez<\/a>, <a href=\"mailto:ramirette@mail.com\">Ramiro Mart\u00ednez<\/a>.<\/p>\n<p><strong>Correcci\u00f3n:<\/strong> <a href=\"mailto:alicia@vinisfera.com\">Alicia Z\u00fa\u00f1iga<\/a><\/p>\n<p><strong>Portada:<\/strong> <a href=\"mailto:erandini.aparicio@gmail.com\">Er\u00e1ndini<\/a>.<\/p>\n<p><strong>Dise\u00f1o y programaci\u00f3n:<\/strong> <a href=\"http:\/\/guayaba.mx\">Guayaba Comunicaci\u00f3n.<\/a><\/p>\n<p><strong>Oficinas Generales<\/strong><br \/>\nAurelio L. Gallardo 380 &#8211; Guadalajara Jalisco<br \/>\n+52 33-1377-5647 +52 33-1377-5648<br \/>\ninfo@vinisfera.com<\/p>\n<p>Vin\u00edsfera es un proyecto realizado en colaboraci\u00f3n con <a href=\"http:\/\/guayaba.com.mx\">Guayaba &#8211; Colectivo Creativo.<\/a><\/p>\n","protected":false},"excerpt":{"rendered":"<p>Carlos Valenzuela &#8211; Director general carlos@vinisfera.com Astrid Hern\u00e1nez &#8211; Administraci\u00f3n astrid@vinisfera.com Colaboradores: Gerardo Lammers Cecilia Garc\u00eda Guillermo Ysusi Antonio Pires de Carvalho Adri\u00e1n Garc\u00eda Erick Falc\u00f3n Beatriz Bastarrica Carlos Berm\u00fadez Jennifer Chan Felipe Coronado V\u00e1zquez Adam Critchley Jos\u00e9 Del Valle Rivas Kaliope Demerutis Luis Vicente El\u00edas Pastor Lorenzo Garc\u00eda Guerra Bernardo Gonz\u00e1lez Huezo Ana Guerrero [&hellip;]<\/p>\n","protected":false},"author":2,"featured_media":0,"parent":0,"menu_order":2,"comment_status":"open","ping_status":"closed","template":"","meta":{"om_disable_all_campaigns":false,"_monsterinsights_skip_tracking":false,"_monsterinsights_sitenote_active":false,"_monsterinsights_sitenote_note":"","_monsterinsights_sitenote_category":0,"_uf_show_specific_survey":0,"_uf_disable_surveys":false,"jetpack_post_was_ever_published":false,"footnotes":""},"class_list":["post-2600","page","type-page","status-publish","hentry"],"aioseo_notices":[],"jetpack_shortlink":"https:\/\/wp.me\/POj6X-FW","jetpack_sharing_enabled":true,"_links":{"self":[{"href":"https:\/\/vinisfera.com\/r\/wp-json\/wp\/v2\/pages\/2600","targetHints":{"allow":["GET"]}}],"collection":[{"href":"https:\/\/vinisfera.com\/r\/wp-json\/wp\/v2\/pages"}],"about":[{"href":"https:\/\/vinisfera.com\/r\/wp-json\/wp\/v2\/types\/page"}],"author":[{"embeddable":true,"href":"https:\/\/vinisfera.com\/r\/wp-json\/wp\/v2\/users\/2"}],"replies":[{"embeddable":true,"href":"https:\/\/vinisfera.com\/r\/wp-json\/wp\/v2\/comments?post=2600"}],"version-history":[{"count":0,"href":"https:\/\/vinisfera.com\/r\/wp-json\/wp\/v2\/pages\/2600\/revisions"}],"wp:attachment":[{"href":"https:\/\/vinisfera.com\/r\/wp-json\/wp\/v2\/media?parent=2600"}],"curies":[{"name":"wp","href":"https:\/\/api.w.org\/{rel}","templated":true}]}}